{"id":3266,"date":"2023-11-19T15:05:38","date_gmt":"2023-11-19T15:05:38","guid":{"rendered":"https:\/\/jubiler-obraczki-slubne.pl\/?post_type=product&#038;p=3266"},"modified":"2023-11-19T17:41:36","modified_gmt":"2023-11-19T17:41:36","slug":"naszyjnik-z-kwiatkiem-z-masy-perlowej-z-cyrkoniami-pozlacany","status":"publish","type":"product","link":"https:\/\/jubiler-obraczki-slubne.pl\/index.php\/produkt\/naszyjnik-z-kwiatkiem-z-masy-perlowej-z-cyrkoniami-pozlacany\/","title":{"rendered":"Naszyjnik z kwiatkiem z masy per\u0142owej, z cyrkoniami poz\u0142acany."},"content":{"rendered":"<p><img loading=\"lazy\" class=\"alignnone size-medium wp-image-3268\" src=\"https:\/\/jubiler-obraczki-slubne.pl\/wp-content\/uploads\/2023\/11\/1-260x300.png\" alt=\"\" width=\"260\" height=\"300\" srcset=\"https:\/\/jubiler-obraczki-slubne.pl\/wp-content\/uploads\/2023\/11\/1-260x300.png 260w, https:\/\/jubiler-obraczki-slubne.pl\/wp-content\/uploads\/2023\/11\/1-887x1024.png 887w, https:\/\/jubiler-obraczki-slubne.pl\/wp-content\/uploads\/2023\/11\/1-768x887.png 768w, https:\/\/jubiler-obraczki-slubne.pl\/wp-content\/uploads\/2023\/11\/1-1330x1536.png 1330w, https:\/\/jubiler-obraczki-slubne.pl\/wp-content\/uploads\/2023\/11\/1-1774x2048.png 1774w, https:\/\/jubiler-obraczki-slubne.pl\/wp-content\/uploads\/2023\/11\/1-600x693.png 600w\" sizes=\"(max-width: 260px) 100vw, 260px\" \/><\/p>\n","protected":false},"excerpt":{"rendered":"<p><span style=\"font-size: 16px\">Poz\u0142acany naszyjnik z\u00a0 zawieszk\u0105 w kszta\u0142cie kwiatka z masy per\u0142owej, z bia\u0142ymi cyrkoniami.<\/span><br \/>\n<span style=\"font-size: 16px\">Ca\u0142kowita d\u0142ugo\u015b\u0107 \u0142a\u0144cuszka 46cm. Z regulacj\u0105 40\u00a0 i 43cm. Wielko\u015b\u0107 zawieszki 1,5cm. Na \u0142a\u0144cuszku ma\u0142y kwiatek z cyrkoni\u0105.<\/span><br \/>\n\u0141a\u0144cuszek wykonany ze srebra pr\u00f3by 925 pokrytej 18-karatowym z\u0142otem.<\/p>\n","protected":false},"featured_media":3276,"template":"","meta":[],"_links":{"self":[{"href":"https:\/\/jubiler-obraczki-slubne.pl\/index.php\/wp-json\/wp\/v2\/product\/3266"}],"collection":[{"href":"https:\/\/jubiler-obraczki-slubne.pl\/index.php\/wp-json\/wp\/v2\/product"}],"about":[{"href":"https:\/\/jubiler-obraczki-slubne.pl\/index.php\/wp-json\/wp\/v2\/types\/product"}],"version-history":[{"count":6,"href":"https:\/\/jubiler-obraczki-slubne.pl\/index.php\/wp-json\/wp\/v2\/product\/3266\/revisions"}],"predecessor-version":[{"id":3280,"href":"https:\/\/jubiler-obraczki-slubne.pl\/index.php\/wp-json\/wp\/v2\/product\/3266\/revisions\/3280"}],"wp:featuredmedia":[{"embeddable":true,"href":"https:\/\/jubiler-obraczki-slubne.pl\/index.php\/wp-json\/wp\/v2\/media\/3276"}],"wp:attachment":[{"href":"https:\/\/jubiler-obraczki-slubne.pl\/index.php\/wp-json\/wp\/v2\/media?parent=3266"}],"curies":[{"name":"wp","href":"https:\/\/api.w.org\/{rel}","templated":true}]}}