{"id":3272,"date":"2023-11-19T16:18:55","date_gmt":"2023-11-19T16:18:55","guid":{"rendered":"https:\/\/jubiler-obraczki-slubne.pl\/?post_type=product&#038;p=3272"},"modified":"2023-11-19T17:43:31","modified_gmt":"2023-11-19T17:43:31","slug":"pozlacany-naszyjnik-z-kolkami-z-cyrkoniami","status":"publish","type":"product","link":"https:\/\/jubiler-obraczki-slubne.pl\/index.php\/produkt\/pozlacany-naszyjnik-z-kolkami-z-cyrkoniami\/","title":{"rendered":"Poz\u0142acany naszyjnik z k\u00f3\u0142kami, z cyrkoniami."},"content":{"rendered":"","protected":false},"excerpt":{"rendered":"<p>Poz\u0142acany naszyjnik\u00a0 o d\u0142ugo\u015bci<span style=\"font-size: 16px\"> &#8230; cm + ..cm przed\u0142u\u017cki, z\u00a0 k\u00f3\u0142eczkami, z bia\u0142ymi cyrkoniami.<\/span><\/p>\n<p>\u0141a\u0144cuszek wykonany ze srebra pr\u00f3by 925 pokrytej 18-karatowym z\u0142otem.<\/p>\n","protected":false},"featured_media":3273,"template":"","meta":[],"_links":{"self":[{"href":"https:\/\/jubiler-obraczki-slubne.pl\/index.php\/wp-json\/wp\/v2\/product\/3272"}],"collection":[{"href":"https:\/\/jubiler-obraczki-slubne.pl\/index.php\/wp-json\/wp\/v2\/product"}],"about":[{"href":"https:\/\/jubiler-obraczki-slubne.pl\/index.php\/wp-json\/wp\/v2\/types\/product"}],"version-history":[{"count":1,"href":"https:\/\/jubiler-obraczki-slubne.pl\/index.php\/wp-json\/wp\/v2\/product\/3272\/revisions"}],"predecessor-version":[{"id":3275,"href":"https:\/\/jubiler-obraczki-slubne.pl\/index.php\/wp-json\/wp\/v2\/product\/3272\/revisions\/3275"}],"wp:featuredmedia":[{"embeddable":true,"href":"https:\/\/jubiler-obraczki-slubne.pl\/index.php\/wp-json\/wp\/v2\/media\/3273"}],"wp:attachment":[{"href":"https:\/\/jubiler-obraczki-slubne.pl\/index.php\/wp-json\/wp\/v2\/media?parent=3272"}],"curies":[{"name":"wp","href":"https:\/\/api.w.org\/{rel}","templated":true}]}}