{"id":3282,"date":"2023-11-19T17:15:43","date_gmt":"2023-11-19T17:15:43","guid":{"rendered":"https:\/\/jubiler-obraczki-slubne.pl\/?post_type=product&#038;p=3282"},"modified":"2023-11-19T17:42:37","modified_gmt":"2023-11-19T17:42:37","slug":"pozlacany-naszyjnik-z-zawieszka-w-ksztalcie-marokanskiej-koniczyny-melachit","status":"publish","type":"product","link":"https:\/\/jubiler-obraczki-slubne.pl\/index.php\/produkt\/pozlacany-naszyjnik-z-zawieszka-w-ksztalcie-marokanskiej-koniczyny-melachit\/","title":{"rendered":"Poz\u0142acany naszyjnik z\u00a0zawieszk\u0105 w kszta\u0142cie maroka\u0144skiej koniczyny, malachit."},"content":{"rendered":"<p><span style=\"font-size: 16px\">Poz\u0142acany naszyjnik z\u00a0 zawieszk\u0105 w kszta\u0142cie maroka\u0144skiej koniczyny z malachitu, z bia\u0142ymi cyrkoniami.<\/span><br \/>\n<span style=\"font-size: 16px\">Ca\u0142kowita d\u0142ugo\u015b\u0107 \u0142a\u0144cuszka 45,5cm. Z regulacj\u0105\u00a0 od 42 cm. Przy zapi\u0119ciu zawieszka z motylkiem. Wielko\u015b\u0107 zawieszki 1,2cm.\u00a0<\/span><br \/>\n\u0141a\u0144cuszek wykonany ze srebra pr\u00f3by 925 pokrytej 18-karatowym z\u0142otem.<\/p>\n","protected":false},"excerpt":{"rendered":"<p>Poz\u0142acany naszyjnik z\u00a0 zawieszk\u0105 w kszta\u0142cie maroka\u0144skiej koniczyny z malachitu, z bia\u0142ymi cyrkoniami. Ca\u0142kowita d\u0142ugo\u015b\u0107 \u0142a\u0144cuszka 45,5cm. Z regulacj\u0105\u00a0 od 42 cm. Przy zapi\u0119ciu zawieszka z motylkiem. Wielko\u015b\u0107 zawieszki 1,2cm.\u00a0 \u0141a\u0144cuszek wykonany ze srebra pr\u00f3by 925 pokrytej 18-karatowym z\u0142otem.<\/p>\n","protected":false},"featured_media":3283,"template":"","meta":[],"_links":{"self":[{"href":"https:\/\/jubiler-obraczki-slubne.pl\/index.php\/wp-json\/wp\/v2\/product\/3282"}],"collection":[{"href":"https:\/\/jubiler-obraczki-slubne.pl\/index.php\/wp-json\/wp\/v2\/product"}],"about":[{"href":"https:\/\/jubiler-obraczki-slubne.pl\/index.php\/wp-json\/wp\/v2\/types\/product"}],"version-history":[{"count":3,"href":"https:\/\/jubiler-obraczki-slubne.pl\/index.php\/wp-json\/wp\/v2\/product\/3282\/revisions"}],"predecessor-version":[{"id":3286,"href":"https:\/\/jubiler-obraczki-slubne.pl\/index.php\/wp-json\/wp\/v2\/product\/3282\/revisions\/3286"}],"wp:featuredmedia":[{"embeddable":true,"href":"https:\/\/jubiler-obraczki-slubne.pl\/index.php\/wp-json\/wp\/v2\/media\/3283"}],"wp:attachment":[{"href":"https:\/\/jubiler-obraczki-slubne.pl\/index.php\/wp-json\/wp\/v2\/media?parent=3282"}],"curies":[{"name":"wp","href":"https:\/\/api.w.org\/{rel}","templated":true}]}}