{"id":3291,"date":"2023-11-19T18:12:53","date_gmt":"2023-11-19T18:12:53","guid":{"rendered":"https:\/\/jubiler-obraczki-slubne.pl\/?post_type=product&#038;p=3291"},"modified":"2023-11-19T18:16:03","modified_gmt":"2023-11-19T18:16:03","slug":"pozlacany-naszyjnik-z-zawieszka-w-ksztalcie-serduszka","status":"publish","type":"product","link":"https:\/\/jubiler-obraczki-slubne.pl\/index.php\/produkt\/pozlacany-naszyjnik-z-zawieszka-w-ksztalcie-serduszka\/","title":{"rendered":"Poz\u0142acany naszyjnik z\u00a0zawieszk\u0105 w kszta\u0142cie serduszka."},"content":{"rendered":"<p><span style=\"font-size: 16px\">Poz\u0142acany naszyjnik z\u00a0 zawieszk\u0105 w kszta\u0142cie serduszka z zielonej masy.<\/span><br \/>\n<span style=\"font-size: 16px\">Ca\u0142kowita d\u0142ugo\u015b\u0107 \u0142a\u0144cuszka 47cm. Z regulacj\u0105\u00a0 od 41 cm. Splot: kreska, kropka. Wielko\u015b\u0107 zawieszki 0,7cm.\u00a0<\/span><br \/>\n\u0141a\u0144cuszek wykonany ze srebra pr\u00f3by 925 pokrytej 18-karatowym z\u0142otem.<\/p>\n","protected":false},"excerpt":{"rendered":"<p>Poz\u0142acany naszyjnik z\u00a0 zawieszk\u0105 w kszta\u0142cie serduszka z zielonej masy. Ca\u0142kowita d\u0142ugo\u015b\u0107 \u0142a\u0144cuszka 47cm. Z regulacj\u0105\u00a0 od 41 cm. Splot: kreska, kropka. Wielko\u015b\u0107 zawieszki 0,7cm.\u00a0 \u0141a\u0144cuszek wykonany ze srebra pr\u00f3by 925 pokrytej 18-karatowym z\u0142otem.<\/p>\n","protected":false},"featured_media":3292,"template":"","meta":[],"_links":{"self":[{"href":"https:\/\/jubiler-obraczki-slubne.pl\/index.php\/wp-json\/wp\/v2\/product\/3291"}],"collection":[{"href":"https:\/\/jubiler-obraczki-slubne.pl\/index.php\/wp-json\/wp\/v2\/product"}],"about":[{"href":"https:\/\/jubiler-obraczki-slubne.pl\/index.php\/wp-json\/wp\/v2\/types\/product"}],"version-history":[{"count":3,"href":"https:\/\/jubiler-obraczki-slubne.pl\/index.php\/wp-json\/wp\/v2\/product\/3291\/revisions"}],"predecessor-version":[{"id":3296,"href":"https:\/\/jubiler-obraczki-slubne.pl\/index.php\/wp-json\/wp\/v2\/product\/3291\/revisions\/3296"}],"wp:featuredmedia":[{"embeddable":true,"href":"https:\/\/jubiler-obraczki-slubne.pl\/index.php\/wp-json\/wp\/v2\/media\/3292"}],"wp:attachment":[{"href":"https:\/\/jubiler-obraczki-slubne.pl\/index.php\/wp-json\/wp\/v2\/media?parent=3291"}],"curies":[{"name":"wp","href":"https:\/\/api.w.org\/{rel}","templated":true}]}}