{"id":3297,"date":"2023-11-19T18:30:20","date_gmt":"2023-11-19T18:30:20","guid":{"rendered":"https:\/\/jubiler-obraczki-slubne.pl\/?post_type=product&#038;p=3297"},"modified":"2023-11-19T18:30:21","modified_gmt":"2023-11-19T18:30:21","slug":"pozlacane-kolczyki-marokanska-koniczyna-z-malachitem","status":"publish","type":"product","link":"https:\/\/jubiler-obraczki-slubne.pl\/index.php\/produkt\/pozlacane-kolczyki-marokanska-koniczyna-z-malachitem\/","title":{"rendered":"Poz\u0142acane kolczyki maroka\u0144ska koniczyna z malachitem."},"content":{"rendered":"<p><span style=\"font-size: 16px\">Poz\u0142acane kolczyki w kszta\u0142cie maroka\u0144skiej koniczyny z malachitu, z bia\u0142ymi cyrkoniami.<\/span><br \/>\nKolczyki wykonane ze srebra pr\u00f3by 925 pokrytej 18-karatowym z\u0142otem.<\/p>\n","protected":false},"excerpt":{"rendered":"<p>Poz\u0142acane kolczyki w kszta\u0142cie maroka\u0144skiej koniczyny z malachitu, z bia\u0142ymi cyrkoniami. Kolczyki wykonane ze srebra pr\u00f3by 925 pokrytej 18-karatowym z\u0142otem.<\/p>\n","protected":false},"featured_media":3299,"template":"","meta":[],"_links":{"self":[{"href":"https:\/\/jubiler-obraczki-slubne.pl\/index.php\/wp-json\/wp\/v2\/product\/3297"}],"collection":[{"href":"https:\/\/jubiler-obraczki-slubne.pl\/index.php\/wp-json\/wp\/v2\/product"}],"about":[{"href":"https:\/\/jubiler-obraczki-slubne.pl\/index.php\/wp-json\/wp\/v2\/types\/product"}],"version-history":[{"count":1,"href":"https:\/\/jubiler-obraczki-slubne.pl\/index.php\/wp-json\/wp\/v2\/product\/3297\/revisions"}],"predecessor-version":[{"id":3300,"href":"https:\/\/jubiler-obraczki-slubne.pl\/index.php\/wp-json\/wp\/v2\/product\/3297\/revisions\/3300"}],"wp:featuredmedia":[{"embeddable":true,"href":"https:\/\/jubiler-obraczki-slubne.pl\/index.php\/wp-json\/wp\/v2\/media\/3299"}],"wp:attachment":[{"href":"https:\/\/jubiler-obraczki-slubne.pl\/index.php\/wp-json\/wp\/v2\/media?parent=3297"}],"curies":[{"name":"wp","href":"https:\/\/api.w.org\/{rel}","templated":true}]}}